{"id":1136,"date":"2018-01-12T08:02:15","date_gmt":"2018-01-12T08:02:15","guid":{"rendered":"http:\/\/bridge129.qodeinteractive.com\/?page_id=132"},"modified":"2022-09-27T11:36:44","modified_gmt":"2022-09-27T11:36:44","slug":"ueber-uns-unternehmen","status":"publish","type":"page","link":"https:\/\/ham-log-gruppe.lt\/de\/ueber-uns-unternehmen\/","title":{"rendered":"\u00dcBER UNS | UNTERNEHMEN"},"content":{"rendered":"<div class=\"wpb-content-wrapper\"><p>[vc_row css_animation=&#8220;&#8220; row_type=&#8220;row&#8220; use_row_as_full_screen_section=&#8220;no&#8220; type=&#8220;grid&#8220; angled_section=&#8220;no&#8220; text_align=&#8220;left&#8220; background_image_as_pattern=&#8220;without_pattern&#8220; padding_top=&#8220;119&#8243; padding_bottom=&#8220;10&#8243; z_index=&#8220;&#8220; css=&#8220;.vc_custom_1653484943005{background-color: #ffffff !important;}&#8220;][vc_column offset=&#8220;vc_col-md-6&#8243;][vc_separator type=&#8220;transparent&#8220; up=&#8220;-18&#8243;][vc_column_text]<\/p>\n<h1>\u00dcber uns<\/h1>\n<p>[\/vc_column_text][vc_separator type=&#8220;small&#8220; position=&#8220;left&#8220; color=&#8220;#fab012&#8243; thickness=&#8220;4&#8243; width=&#8220;48&#8243; up=&#8220;17&#8243; down=&#8220;27&#8243;][vc_column_text]Wir leben Logistik!<\/p>\n<p>Die HAM-LOG-GRUPPE betreut sowohl im Werk- und Dienstvertrag als auch in der Arbeitnehmer\u00fcberlassung. Als f\u00fchrender Logistikpersonaldienstleister blicken wir auf mehr als 20 Jahre Erfahrung in der Branche zur\u00fcck.[\/vc_column_text][vc_empty_space height=&#8220;25px&#8220;][vc_column_text]Unser jahrzehntelanger Erfolg als hanseatisches Traditionsunternehmen beruht auf f\u00fcnf S\u00e4ulen: Rekrutierung, Unterbringung, Bezahlung, Betreuung und F\u00fchrung.[\/vc_column_text][vc_empty_space height=&#8220;25px&#8220;][vc_column_text]Mehrsprachigkeit, Internationalit\u00e4t und Diversit\u00e4t: Wir sind dankbar \u00fcber die Vielfalt unseres Traditionsunternehmens.[\/vc_column_text][vc_empty_space height=&#8220;25px&#8220;][\/vc_column][vc_column offset=&#8220;vc_col-md-6&#8243;][vc_single_image image=&#8220;4238&#8243; img_size=&#8220;full&#8220; qode_css_animation=&#8220;&#8220; el_class=&#8220;personal&#8220;][vc_empty_space height=&#8220;30px&#8220;][\/vc_column][\/vc_row][vc_row css_animation=&#8220;&#8220; row_type=&#8220;row&#8220; use_row_as_full_screen_section=&#8220;no&#8220; type=&#8220;grid&#8220; angled_section=&#8220;no&#8220; text_align=&#8220;center&#8220; background_image_as_pattern=&#8220;without_pattern&#8220; padding_top=&#8220;87&#8243; padding_bottom=&#8220;65&#8243; z_index=&#8220;&#8220; css=&#8220;.vc_custom_1515744306795{background-color: #ecebeb !important;}&#8220;][vc_column width=&#8220;2\/3&#8243; offset=&#8220;vc_col-sm-offset-2&#8243;][vc_column_text]<\/p>\n<h1>Unsere Vision &amp; Mission<\/h1>\n<p>[\/vc_column_text][vc_separator type=&#8220;small&#8220; position=&#8220;center&#8220; color=&#8220;#fab012&#8243; thickness=&#8220;4&#8243; width=&#8220;48&#8243; up=&#8220;17&#8243; down=&#8220;25&#8243;][vc_column_text]Wir sind eine gro\u00dfe Familie!<\/p>\n<p>Das Herzst\u00fcck der HAM-LOG-GRUPPE sind unsere Mitarbeiter. Daher ist es uns ein wesentliches Anliegen f\u00fcr unsere Teammitglieder sichere Arbeitspl\u00e4tze mit Perspektive zu schaffen.[\/vc_column_text][\/vc_column][\/vc_row][vc_row css_animation=&#8220;&#8220; row_type=&#8220;row&#8220; use_row_as_full_screen_section=&#8220;no&#8220; type=&#8220;grid&#8220; angled_section=&#8220;no&#8220; text_align=&#8220;left&#8220; background_image_as_pattern=&#8220;without_pattern&#8220; el_class=&#8220;companyslider&#8220; z_index=&#8220;5&#8243; css=&#8220;.vc_custom_1651653197797{background-color: #ecebeb !important;}&#8220; el_id=&#8220;companyslider&#8220;][vc_column][qode_content_slider auto_rotate=&#8220;5&#8243; enable_drag=&#8220;no&#8220; direction_nav=&#8220;no&#8220; control_nav=&#8220;yes&#8220; control_nav_justify=&#8220;no&#8220; pause_on_hover=&#8220;yes&#8220;][qode_content_slider_item][qode_elements_holder number_of_columns=&#8220;two_columns&#8220; columns_proportion=&#8220;66_33&#8243;][qode_elements_holder_item advanced_animations=&#8220;no&#8220;][vc_single_image image=&#8220;4228&#8243; img_size=&#8220;full&#8220; qode_css_animation=&#8220;&#8220;][\/qode_elements_holder_item][qode_elements_holder_item advanced_animations=&#8220;no&#8220; background_color=&#8220;#ffffff&#8220; background_image=&#8220;460&#8243; item_padding=&#8220;52px 51px 50px 55px&#8220; item_padding_1280_1440=&#8220;74px 40px 127px 65px&#8220; item_padding_1024_1280=&#8220;50px 40px 111px 40px&#8220; item_padding_768_1024=&#8220;20px 30px 18px 30px&#8220; item_padding_600_768=&#8220;100px 120px 100px 50px&#8220; item_padding_480_600=&#8220;100px 40px 100px 65px&#8220; item_padding_480=&#8220;30px 30px 80px 30px&#8220;][vc_column_text]<\/p>\n<h2>Du im Mittelpunkt<\/h2>\n<p>[\/vc_column_text][vc_separator type=&#8220;small&#8220; position=&#8220;left&#8220; color=&#8220;#fab012&#8243; thickness=&#8220;4&#8243; width=&#8220;48&#8243; up=&#8220;25&#8243; down=&#8220;29&#8243;][vc_column_text]In unserer Arbeit geht es um Menschen. Wir m\u00f6chten, dass sich die Menschen, die f\u00fcr HAM-LOG tagt\u00e4glich im Einsatz sind, wohlf\u00fchlen.[\/vc_column_text][vc_empty_space height=&#8220;25&#8243;][vc_column_text]Bestm\u00f6gliche Lebens- und Arbeitsbedingungen f\u00fcr unsere Mitarbeiter fern von Zuhause st\u00e4rken Motivation und Zusammenhalt. Zufriedene Mitarbeiter bedeuten zufriedene Kunden.[\/vc_column_text][\/qode_elements_holder_item][\/qode_elements_holder][\/qode_content_slider_item][qode_content_slider_item][qode_elements_holder number_of_columns=&#8220;two_columns&#8220; columns_proportion=&#8220;66_33&#8243;][qode_elements_holder_item advanced_animations=&#8220;no&#8220;][vc_single_image image=&#8220;4233&#8243; img_size=&#8220;full&#8220; qode_css_animation=&#8220;&#8220;][\/qode_elements_holder_item][qode_elements_holder_item advanced_animations=&#8220;no&#8220; background_color=&#8220;#ffffff&#8220; background_image=&#8220;460&#8243; item_padding=&#8220;52px 51px 50px 55px&#8220; item_padding_1280_1440=&#8220;74px 40px 127px 65px&#8220; item_padding_1024_1280=&#8220;50px 40px 111px 40px&#8220; item_padding_768_1024=&#8220;20px 30px 18px 30px&#8220; item_padding_600_768=&#8220;100px 120px 100px 50px&#8220; item_padding_480_600=&#8220;100px 40px 100px 65px&#8220; item_padding_480=&#8220;30px 30px 80px 30px&#8220;][vc_column_text]<\/p>\n<h2>Wir \u00fcbernehmen<\/h2>\n<h2>Verantwortung<\/h2>\n<p>[\/vc_column_text][vc_separator type=&#8220;small&#8220; position=&#8220;left&#8220; color=&#8220;#fab012&#8243; thickness=&#8220;4&#8243; width=&#8220;48&#8243; up=&#8220;25&#8243; down=&#8220;29&#8243;][vc_column_text]Die Basis der Besch\u00e4ftigung bei uns bilden eine Unterbringung nahe des Arbeitsortes, eine \u00fcberdurchschnittliche Verg\u00fctung sowie eine pers\u00f6nliche und individuelle Betreuung.<\/p>\n<p>&nbsp;<\/p>\n<p>Unsere Mitarbeiter zeichnen sich durch Fachwissen, Motivation, Eigeninitiative sowie Zuverl\u00e4ssigkeit aus und befinden sich ausschlie\u00dflich in deutschen Arbeitsverh\u00e4ltnissen.[\/vc_column_text][\/qode_elements_holder_item][\/qode_elements_holder][\/qode_content_slider_item][qode_content_slider_item][qode_elements_holder number_of_columns=&#8220;two_columns&#8220; columns_proportion=&#8220;66_33&#8243;][qode_elements_holder_item advanced_animations=&#8220;no&#8220;][vc_single_image image=&#8220;5107&#8243; img_size=&#8220;full&#8220; qode_css_animation=&#8220;&#8220;][\/qode_elements_holder_item][qode_elements_holder_item advanced_animations=&#8220;no&#8220; background_color=&#8220;#ffffff&#8220; background_image=&#8220;460&#8243; item_padding=&#8220;25px 51px 25px 55px&#8220; item_padding_1280_1440=&#8220;74px 40px 127px 65px&#8220; item_padding_1024_1280=&#8220;50px 40px 111px 40px&#8220; item_padding_768_1024=&#8220;20px 30px 18px 30px&#8220; item_padding_600_768=&#8220;100px 120px 100px 50px&#8220; item_padding_480_600=&#8220;100px 40px 100px 65px&#8220; item_padding_480=&#8220;30px 30px 80px 30px&#8220;][vc_column_text]<\/p>\n<h2>Wir verbinden<\/h2>\n<h2>Menschen<\/h2>\n<p>[\/vc_column_text][vc_separator type=&#8220;small&#8220; position=&#8220;left&#8220; color=&#8220;#fab012&#8243; thickness=&#8220;4&#8243; width=&#8220;48&#8243; up=&#8220;25&#8243; down=&#8220;29&#8243;][vc_column_text]Es ist zum einen unser Anspruch ein sicheres und produktives Arbeitsumfeld mit Perspektiven f\u00fcr unsere Mitarbeiter zu schaffen und zum anderen Menschen miteinander zu verbinden &#8211; Teamwork wird bei uns nicht nur geschrieben, sondern gelebt.[\/vc_column_text][vc_empty_space height=&#8220;25&#8243;][vc_column_text]<\/p>\n<p style=\"text-align: left;\">Wir wissen, dass zu einer erfolgreichen Teambildung, Fairness, Sicherheit und eine leistungsgerechte Bezahlung geh\u00f6ren.<\/p>\n<p>[\/vc_column_text][\/qode_elements_holder_item][\/qode_elements_holder][\/qode_content_slider_item][\/qode_content_slider][\/vc_column][\/vc_row][vc_row css_animation=&#8220;&#8220; row_type=&#8220;row&#8220; use_row_as_full_screen_section=&#8220;no&#8220; type=&#8220;full_width&#8220; angled_section=&#8220;no&#8220; text_align=&#8220;left&#8220; background_image_as_pattern=&#8220;without_pattern&#8220; css=&#8220;.vc_custom_1651668302350{background-color: #ecebeb !important;}&#8220; z_index=&#8220;&#8220;][vc_column][vc_empty_space height=&#8220;50px&#8220;][vc_empty_space height=&#8220;50px&#8220;][\/vc_column][\/vc_row][vc_row css_animation=&#8220;&#8220; row_type=&#8220;row&#8220; use_row_as_full_screen_section=&#8220;no&#8220; type=&#8220;grid&#8220; angled_section=&#8220;no&#8220; text_align=&#8220;left&#8220; background_image_as_pattern=&#8220;without_pattern&#8220; padding_top=&#8220;119&#8243; padding_bottom=&#8220;87&#8243; z_index=&#8220;&#8220; css=&#8220;.vc_custom_1515745451587{background-color: #ffffff !important;}&#8220;][vc_column offset=&#8220;vc_col-md-6&#8243;][vc_separator type=&#8220;transparent&#8220; up=&#8220;-18&#8243;][vc_column_text]<\/p>\n<h1>Bist du bereit f\u00fcr deinen neuen beruflichen Weg in Deutschland?<\/h1>\n<p>[\/vc_column_text][vc_separator type=&#8220;small&#8220; position=&#8220;left&#8220; color=&#8220;#fab012&#8243; thickness=&#8220;4&#8243; width=&#8220;48&#8243; up=&#8220;17&#8243; down=&#8220;27&#8243;][vc_column_text]Gerne geben wir dir in einem unverbindlichen Gespr\u00e4ch mehr Informationen zu unseren Leistungen und finden gemeinsam deinen neuen Arbeitsplatz.<\/p>\n<p>&nbsp;<\/p>\n<p><span class='q_social_icon_holder square_social' data-color=#ffffff data-hover-background-color=#fab012 data-hover-color=#ffffff><span class='fa-stack ' style='background-color: rgba(227, 111, 53, 1);border-radius: 4px;-webkit-border-radius: 4px;-moz-border-radius: 4px;border-width: 0px;font-size: 14px;'><i class=\"qode_icon_font_awesome fa fa-envelope \" style=\"color: #ffffff;font-size: 13px;\" ><\/i><\/span><\/span> \u00a0<a href=\"mailto:hr@ham-log-gruppe.com\">hr@ham-log-gruppe.com<\/a><\/p>\n<p><span class='q_social_icon_holder square_social' data-color=#ffffff data-hover-background-color=#fab012 data-hover-color=#ffffff><span class='fa-stack ' style='background-color: rgba(227, 111, 53, 1);border-radius: 4px;-webkit-border-radius: 4px;-moz-border-radius: 4px;border-width: 0px;font-size: 14px;'><i class=\"qode_icon_font_awesome fa fa-phone \" style=\"color: #ffffff;font-size: 13px;\" ><\/i><\/span><\/span> <a href=\"tel:+491516 7024467\">\u00a0+49 (0) 1516 7024467<\/a><\/p>\n<p>&nbsp;<\/p>\n<p>Wir freuen uns auf dich.<\/p>\n<p>Du willst gleich loslegen?<\/p>\n<p>Bewirb dich direkt:[\/vc_column_text][vc_empty_space height=&#8220;25px&#8220;]<a  itemprop=\"url\" href=\"\/kontakt\" target=\"_self\" data-hover-background-color=\"#000000\" data-hover-color=\"#ffffff\" class=\"qbutton  default\" style=\"\">JETZT BEWERBEN<\/a>[vc_empty_space height=&#8220;30px&#8220;][\/vc_column][vc_column offset=&#8220;vc_col-md-6&#8243;][vc_single_image image=&#8220;4277&#8243; img_size=&#8220;full&#8220; qode_css_animation=&#8220;&#8220; el_class=&#8220;personal&#8220;][vc_empty_space height=&#8220;30px&#8220;][\/vc_column][\/vc_row]<\/p>\n<\/div>","protected":false},"excerpt":{"rendered":"<p>[vc_row css_animation=&#8220;&#8220; row_type=&#8220;row&#8220; use_row_as_full_screen_section=&#8220;no&#8220; type=&#8220;grid&#8220; angled_section=&#8220;no&#8220; text_align=&#8220;left&#8220; background_image_as_pattern=&#8220;without_pattern&#8220; padding_top=&#8220;119&#8243; padding_bottom=&#8220;10&#8243; z_index=&#8220;&#8220; css=&#8220;.vc_custom_1653484943005{background-color: #ffffff !important;}&#8220;][vc_column offset=&#8220;vc_col-md-6&#8243;][vc_separator type=&#8220;transparent&#8220; up=&#8220;-18&#8243;][vc_column_text] \u00dcber uns [\/vc_column_text][vc_separator type=&#8220;small&#8220; position=&#8220;left&#8220; color=&#8220;#fab012&#8243; thickness=&#8220;4&#8243; width=&#8220;48&#8243; up=&#8220;17&#8243; down=&#8220;27&#8243;][vc_column_text]Wir leben Logistik! Die HAM-LOG-GRUPPE betreut sowohl im Werk- und Dienstvertrag als auch in der Arbeitnehmer\u00fcberlassung. Als f\u00fchrender Logistikpersonaldienstleister&#8230;<\/p>\n","protected":false},"author":2,"featured_media":0,"parent":0,"menu_order":0,"comment_status":"closed","ping_status":"closed","template":"full_width.php","meta":{"footnotes":""},"class_list":["post-1136","page","type-page","status-publish","hentry"],"yoast_head":"<!-- This site is optimized with the Yoast SEO plugin v27.1.1 - https:\/\/yoast.com\/product\/yoast-seo-wordpress\/ -->\n<title>\u00dcBER UNS | UNTERNEHMEN - HAM-LOG-GRUPPE<\/title>\n<meta name=\"description\" content=\"Als Premiumanbieter im Bereich Logistik-Personal Zeitarbeit und Leiharbeit fokussieren wir uns auf die Qualit\u00e4t unserer Arbeitskr\u00e4fte.\" \/>\n<meta name=\"robots\" content=\"index, follow, max-snippet:-1, max-image-preview:large, max-video-preview:-1\" \/>\n<link rel=\"canonical\" href=\"https:\/\/ham-log-gruppe.lt\/de\/ueber-uns-unternehmen\/\" \/>\n<meta property=\"og:locale\" content=\"de_DE\" \/>\n<meta property=\"og:type\" content=\"article\" \/>\n<meta property=\"og:title\" content=\"\u00dcBER UNS | UNTERNEHMEN - HAM-LOG-GRUPPE\" \/>\n<meta property=\"og:description\" content=\"Als Premiumanbieter im Bereich Logistik-Personal Zeitarbeit und Leiharbeit fokussieren wir uns auf die Qualit\u00e4t unserer Arbeitskr\u00e4fte.\" \/>\n<meta property=\"og:url\" content=\"https:\/\/ham-log-gruppe.lt\/de\/ueber-uns-unternehmen\/\" \/>\n<meta property=\"og:site_name\" content=\"HAM-LOG-GRUPPE\" \/>\n<meta property=\"article:modified_time\" content=\"2022-09-27T11:36:44+00:00\" \/>\n<meta name=\"twitter:card\" content=\"summary_large_image\" \/>\n<meta name=\"twitter:label1\" content=\"Gesch\u00e4tzte Lesezeit\" \/>\n\t<meta name=\"twitter:data1\" content=\"4\u00a0Minuten\" \/>\n<script type=\"application\/ld+json\" class=\"yoast-schema-graph\">{\"@context\":\"https:\/\/schema.org\",\"@graph\":[{\"@type\":\"WebPage\",\"@id\":\"https:\/\/ham-log-gruppe.lt\/de\/ueber-uns-unternehmen\/\",\"url\":\"https:\/\/ham-log-gruppe.lt\/de\/ueber-uns-unternehmen\/\",\"name\":\"\u00dcBER UNS | UNTERNEHMEN - HAM-LOG-GRUPPE\",\"isPartOf\":{\"@id\":\"https:\/\/ham-log-gruppe.lt\/de\/#website\"},\"datePublished\":\"2018-01-12T08:02:15+00:00\",\"dateModified\":\"2022-09-27T11:36:44+00:00\",\"description\":\"Als Premiumanbieter im Bereich Logistik-Personal Zeitarbeit und Leiharbeit fokussieren wir uns auf die Qualit\u00e4t unserer Arbeitskr\u00e4fte.\",\"breadcrumb\":{\"@id\":\"https:\/\/ham-log-gruppe.lt\/de\/ueber-uns-unternehmen\/#breadcrumb\"},\"inLanguage\":\"de\",\"potentialAction\":[{\"@type\":\"ReadAction\",\"target\":[\"https:\/\/ham-log-gruppe.lt\/de\/ueber-uns-unternehmen\/\"]}]},{\"@type\":\"BreadcrumbList\",\"@id\":\"https:\/\/ham-log-gruppe.lt\/de\/ueber-uns-unternehmen\/#breadcrumb\",\"itemListElement\":[{\"@type\":\"ListItem\",\"position\":1,\"name\":\"Startseite\",\"item\":\"https:\/\/ham-log-gruppe.lt\/de\/\"},{\"@type\":\"ListItem\",\"position\":2,\"name\":\"\u00dcBER UNS | UNTERNEHMEN\"}]},{\"@type\":\"WebSite\",\"@id\":\"https:\/\/ham-log-gruppe.lt\/de\/#website\",\"url\":\"https:\/\/ham-log-gruppe.lt\/de\/\",\"name\":\"HAM-LOG-GRUPPE\",\"description\":\"Logistik | Personaldienstleister | Werkvertr\u00e4ge | Arbeitnehmer\u00fcberlassung\",\"publisher\":{\"@id\":\"https:\/\/ham-log-gruppe.lt\/de\/#organization\"},\"potentialAction\":[{\"@type\":\"SearchAction\",\"target\":{\"@type\":\"EntryPoint\",\"urlTemplate\":\"https:\/\/ham-log-gruppe.lt\/de\/?s={search_term_string}\"},\"query-input\":{\"@type\":\"PropertyValueSpecification\",\"valueRequired\":true,\"valueName\":\"search_term_string\"}}],\"inLanguage\":\"de\"},{\"@type\":\"Organization\",\"@id\":\"https:\/\/ham-log-gruppe.lt\/de\/#organization\",\"name\":\"HAM-LOG-GRUPPE\",\"url\":\"https:\/\/ham-log-gruppe.lt\/de\/\",\"logo\":{\"@type\":\"ImageObject\",\"inLanguage\":\"de\",\"@id\":\"https:\/\/ham-log-gruppe.lt\/de\/#\/schema\/logo\/image\/\",\"url\":\"https:\/\/ham-log-gruppe.lt\/wp-content\/uploads\/2022\/05\/Ham-Log-Gruppe-logo-web-personalvermittlung.png\",\"contentUrl\":\"https:\/\/ham-log-gruppe.lt\/wp-content\/uploads\/2022\/05\/Ham-Log-Gruppe-logo-web-personalvermittlung.png\",\"width\":400,\"height\":180,\"caption\":\"HAM-LOG-GRUPPE\"},\"image\":{\"@id\":\"https:\/\/ham-log-gruppe.lt\/de\/#\/schema\/logo\/image\/\"}}]}<\/script>\n<!-- \/ Yoast SEO plugin. -->","yoast_head_json":{"title":"\u00dcBER UNS | UNTERNEHMEN - HAM-LOG-GRUPPE","description":"Als Premiumanbieter im Bereich Logistik-Personal Zeitarbeit und Leiharbeit fokussieren wir uns auf die Qualit\u00e4t unserer Arbeitskr\u00e4fte.","robots":{"index":"index","follow":"follow","max-snippet":"max-snippet:-1","max-image-preview":"max-image-preview:large","max-video-preview":"max-video-preview:-1"},"canonical":"https:\/\/ham-log-gruppe.lt\/de\/ueber-uns-unternehmen\/","og_locale":"de_DE","og_type":"article","og_title":"\u00dcBER UNS | UNTERNEHMEN - HAM-LOG-GRUPPE","og_description":"Als Premiumanbieter im Bereich Logistik-Personal Zeitarbeit und Leiharbeit fokussieren wir uns auf die Qualit\u00e4t unserer Arbeitskr\u00e4fte.","og_url":"https:\/\/ham-log-gruppe.lt\/de\/ueber-uns-unternehmen\/","og_site_name":"HAM-LOG-GRUPPE","article_modified_time":"2022-09-27T11:36:44+00:00","twitter_card":"summary_large_image","twitter_misc":{"Gesch\u00e4tzte Lesezeit":"4\u00a0Minuten"},"schema":{"@context":"https:\/\/schema.org","@graph":[{"@type":"WebPage","@id":"https:\/\/ham-log-gruppe.lt\/de\/ueber-uns-unternehmen\/","url":"https:\/\/ham-log-gruppe.lt\/de\/ueber-uns-unternehmen\/","name":"\u00dcBER UNS | UNTERNEHMEN - HAM-LOG-GRUPPE","isPartOf":{"@id":"https:\/\/ham-log-gruppe.lt\/de\/#website"},"datePublished":"2018-01-12T08:02:15+00:00","dateModified":"2022-09-27T11:36:44+00:00","description":"Als Premiumanbieter im Bereich Logistik-Personal Zeitarbeit und Leiharbeit fokussieren wir uns auf die Qualit\u00e4t unserer Arbeitskr\u00e4fte.","breadcrumb":{"@id":"https:\/\/ham-log-gruppe.lt\/de\/ueber-uns-unternehmen\/#breadcrumb"},"inLanguage":"de","potentialAction":[{"@type":"ReadAction","target":["https:\/\/ham-log-gruppe.lt\/de\/ueber-uns-unternehmen\/"]}]},{"@type":"BreadcrumbList","@id":"https:\/\/ham-log-gruppe.lt\/de\/ueber-uns-unternehmen\/#breadcrumb","itemListElement":[{"@type":"ListItem","position":1,"name":"Startseite","item":"https:\/\/ham-log-gruppe.lt\/de\/"},{"@type":"ListItem","position":2,"name":"\u00dcBER UNS | UNTERNEHMEN"}]},{"@type":"WebSite","@id":"https:\/\/ham-log-gruppe.lt\/de\/#website","url":"https:\/\/ham-log-gruppe.lt\/de\/","name":"HAM-LOG-GRUPPE","description":"Logistik | Personaldienstleister | Werkvertr\u00e4ge | Arbeitnehmer\u00fcberlassung","publisher":{"@id":"https:\/\/ham-log-gruppe.lt\/de\/#organization"},"potentialAction":[{"@type":"SearchAction","target":{"@type":"EntryPoint","urlTemplate":"https:\/\/ham-log-gruppe.lt\/de\/?s={search_term_string}"},"query-input":{"@type":"PropertyValueSpecification","valueRequired":true,"valueName":"search_term_string"}}],"inLanguage":"de"},{"@type":"Organization","@id":"https:\/\/ham-log-gruppe.lt\/de\/#organization","name":"HAM-LOG-GRUPPE","url":"https:\/\/ham-log-gruppe.lt\/de\/","logo":{"@type":"ImageObject","inLanguage":"de","@id":"https:\/\/ham-log-gruppe.lt\/de\/#\/schema\/logo\/image\/","url":"https:\/\/ham-log-gruppe.lt\/wp-content\/uploads\/2022\/05\/Ham-Log-Gruppe-logo-web-personalvermittlung.png","contentUrl":"https:\/\/ham-log-gruppe.lt\/wp-content\/uploads\/2022\/05\/Ham-Log-Gruppe-logo-web-personalvermittlung.png","width":400,"height":180,"caption":"HAM-LOG-GRUPPE"},"image":{"@id":"https:\/\/ham-log-gruppe.lt\/de\/#\/schema\/logo\/image\/"}}]}},"_links":{"self":[{"href":"https:\/\/ham-log-gruppe.lt\/de\/wp-json\/wp\/v2\/pages\/1136","targetHints":{"allow":["GET"]}}],"collection":[{"href":"https:\/\/ham-log-gruppe.lt\/de\/wp-json\/wp\/v2\/pages"}],"about":[{"href":"https:\/\/ham-log-gruppe.lt\/de\/wp-json\/wp\/v2\/types\/page"}],"author":[{"embeddable":true,"href":"https:\/\/ham-log-gruppe.lt\/de\/wp-json\/wp\/v2\/users\/2"}],"replies":[{"embeddable":true,"href":"https:\/\/ham-log-gruppe.lt\/de\/wp-json\/wp\/v2\/comments?post=1136"}],"version-history":[{"count":0,"href":"https:\/\/ham-log-gruppe.lt\/de\/wp-json\/wp\/v2\/pages\/1136\/revisions"}],"wp:attachment":[{"href":"https:\/\/ham-log-gruppe.lt\/de\/wp-json\/wp\/v2\/media?parent=1136"}],"curies":[{"name":"wp","href":"https:\/\/api.w.org\/{rel}","templated":true}]}}