{"id":2358,"date":"2022-05-20T10:44:26","date_gmt":"2022-05-20T10:44:26","guid":{"rendered":"https:\/\/ham-log-gruppe.com\/?page_id=2358"},"modified":"2022-05-20T10:58:11","modified_gmt":"2022-05-20T10:58:11","slug":"gender-hinweis","status":"publish","type":"page","link":"https:\/\/ham-log-gruppe.lt\/de\/gender-hinweis\/","title":{"rendered":"Gender Hinweis"},"content":{"rendered":"<div class=\"wpb-content-wrapper\"><p>[vc_row css_animation=&#8220;&#8220; row_type=&#8220;row&#8220; use_row_as_full_screen_section=&#8220;no&#8220; type=&#8220;grid&#8220; angled_section=&#8220;no&#8220; text_align=&#8220;center&#8220; background_image_as_pattern=&#8220;without_pattern&#8220; padding_top=&#8220;87&#8243; padding_bottom=&#8220;65&#8243; z_index=&#8220;&#8220; css=&#8220;.vc_custom_1651761660276{background-color: #ffffff !important;}&#8220;][vc_column width=&#8220;2\/3&#8243; offset=&#8220;vc_col-sm-offset-2&#8243;][vc_column_text]<\/p>\n<h1>Gender Hinweis<\/h1>\n<p>[\/vc_column_text][vc_separator type=&#8220;small&#8220; position=&#8220;center&#8220; color=&#8220;#fab012&#8243; thickness=&#8220;4&#8243; width=&#8220;48&#8243; up=&#8220;17&#8243; down=&#8220;25&#8243;][vc_empty_space][vc_empty_space][vc_column_text]<\/p>\n<h5>Aus Gr\u00fcnden der besseren Lesbarkeit wird bei Personenbezeichnungen und personenbezogenen Hauptw\u00f6rtern auf dieser Website die sprachlich g\u00e4ngige Form verwendet. Entsprechende Begriffe gelten im Sinne der Gleichbehandlung grunds\u00e4tzlich f\u00fcr alle Geschlechter. Die verk\u00fcrzte Sprachform hat nur redaktionelle Gr\u00fcnde und beinhaltet keine Wertung.<\/h5>\n<p>[\/vc_column_text][vc_empty_space][vc_empty_space][vc_empty_space][vc_empty_space][vc_empty_space][vc_empty_space][\/vc_column][\/vc_row]<\/p>\n<\/div>","protected":false},"excerpt":{"rendered":"<p>[vc_row css_animation=&#8220;&#8220; row_type=&#8220;row&#8220; use_row_as_full_screen_section=&#8220;no&#8220; type=&#8220;grid&#8220; angled_section=&#8220;no&#8220; text_align=&#8220;center&#8220; background_image_as_pattern=&#8220;without_pattern&#8220; padding_top=&#8220;87&#8243; padding_bottom=&#8220;65&#8243; z_index=&#8220;&#8220; css=&#8220;.vc_custom_1651761660276{background-color: #ffffff !important;}&#8220;][vc_column width=&#8220;2\/3&#8243; offset=&#8220;vc_col-sm-offset-2&#8243;][vc_column_text] Gender Hinweis [\/vc_column_text][vc_separator type=&#8220;small&#8220; position=&#8220;center&#8220; color=&#8220;#fab012&#8243; thickness=&#8220;4&#8243; width=&#8220;48&#8243; up=&#8220;17&#8243; down=&#8220;25&#8243;][vc_empty_space][vc_empty_space][vc_column_text] Aus Gr\u00fcnden der besseren Lesbarkeit wird bei Personenbezeichnungen und personenbezogenen Hauptw\u00f6rtern auf dieser Website die sprachlich g\u00e4ngige Form verwendet&#8230;.<\/p>\n","protected":false},"author":2,"featured_media":0,"parent":0,"menu_order":0,"comment_status":"closed","ping_status":"closed","template":"full_width.php","meta":{"footnotes":""},"class_list":["post-2358","page","type-page","status-publish","hentry"],"yoast_head":"<!-- This site is optimized with the Yoast SEO plugin v27.1.1 - https:\/\/yoast.com\/product\/yoast-seo-wordpress\/ -->\n<title>Gender Hinweis - HAM-LOG-GRUPPE<\/title>\n<meta name=\"robots\" content=\"index, follow, max-snippet:-1, max-image-preview:large, max-video-preview:-1\" \/>\n<link rel=\"canonical\" href=\"https:\/\/ham-log-gruppe.lt\/de\/gender-hinweis\/\" \/>\n<meta property=\"og:locale\" content=\"de_DE\" \/>\n<meta property=\"og:type\" content=\"article\" \/>\n<meta property=\"og:title\" content=\"Gender Hinweis - HAM-LOG-GRUPPE\" \/>\n<meta property=\"og:description\" content=\"[vc_row css_animation=&#8220;&#8220; row_type=&#8220;row&#8220; use_row_as_full_screen_section=&#8220;no&#8220; type=&#8220;grid&#8220; angled_section=&#8220;no&#8220; text_align=&#8220;center&#8220; background_image_as_pattern=&#8220;without_pattern&#8220; padding_top=&#8220;87&#8243; padding_bottom=&#8220;65&#8243; z_index=&#8220;&#8220; css=&#8220;.vc_custom_1651761660276{background-color: #ffffff !important;}&#8220;][vc_column width=&#8220;2\/3&#8243; offset=&#8220;vc_col-sm-offset-2&#8243;][vc_column_text] Gender Hinweis [\/vc_column_text][vc_separator type=&#8220;small&#8220; position=&#8220;center&#8220; color=&#8220;#fab012&#8243; thickness=&#8220;4&#8243; width=&#8220;48&#8243; up=&#8220;17&#8243; down=&#8220;25&#8243;][vc_empty_space][vc_empty_space][vc_column_text] Aus Gr\u00fcnden der besseren Lesbarkeit wird bei Personenbezeichnungen und personenbezogenen Hauptw\u00f6rtern auf dieser Website die sprachlich g\u00e4ngige Form verwendet....\" \/>\n<meta property=\"og:url\" content=\"https:\/\/ham-log-gruppe.lt\/de\/gender-hinweis\/\" \/>\n<meta property=\"og:site_name\" content=\"HAM-LOG-GRUPPE\" \/>\n<meta property=\"article:modified_time\" content=\"2022-05-20T10:58:11+00:00\" \/>\n<meta name=\"twitter:card\" content=\"summary_large_image\" \/>\n<meta name=\"twitter:label1\" content=\"Gesch\u00e4tzte Lesezeit\" \/>\n\t<meta name=\"twitter:data1\" content=\"1\u00a0Minute\" \/>\n<script type=\"application\/ld+json\" class=\"yoast-schema-graph\">{\"@context\":\"https:\/\/schema.org\",\"@graph\":[{\"@type\":\"WebPage\",\"@id\":\"https:\/\/ham-log-gruppe.lt\/de\/gender-hinweis\/\",\"url\":\"https:\/\/ham-log-gruppe.lt\/de\/gender-hinweis\/\",\"name\":\"Gender Hinweis - HAM-LOG-GRUPPE\",\"isPartOf\":{\"@id\":\"https:\/\/ham-log-gruppe.lt\/de\/#website\"},\"datePublished\":\"2022-05-20T10:44:26+00:00\",\"dateModified\":\"2022-05-20T10:58:11+00:00\",\"breadcrumb\":{\"@id\":\"https:\/\/ham-log-gruppe.lt\/de\/gender-hinweis\/#breadcrumb\"},\"inLanguage\":\"de\",\"potentialAction\":[{\"@type\":\"ReadAction\",\"target\":[\"https:\/\/ham-log-gruppe.lt\/de\/gender-hinweis\/\"]}]},{\"@type\":\"BreadcrumbList\",\"@id\":\"https:\/\/ham-log-gruppe.lt\/de\/gender-hinweis\/#breadcrumb\",\"itemListElement\":[{\"@type\":\"ListItem\",\"position\":1,\"name\":\"Startseite\",\"item\":\"https:\/\/ham-log-gruppe.lt\/de\/\"},{\"@type\":\"ListItem\",\"position\":2,\"name\":\"Gender Hinweis\"}]},{\"@type\":\"WebSite\",\"@id\":\"https:\/\/ham-log-gruppe.lt\/de\/#website\",\"url\":\"https:\/\/ham-log-gruppe.lt\/de\/\",\"name\":\"HAM-LOG-GRUPPE\",\"description\":\"Logistik | Personaldienstleister | Werkvertr\u00e4ge | Arbeitnehmer\u00fcberlassung\",\"publisher\":{\"@id\":\"https:\/\/ham-log-gruppe.lt\/de\/#organization\"},\"potentialAction\":[{\"@type\":\"SearchAction\",\"target\":{\"@type\":\"EntryPoint\",\"urlTemplate\":\"https:\/\/ham-log-gruppe.lt\/de\/?s={search_term_string}\"},\"query-input\":{\"@type\":\"PropertyValueSpecification\",\"valueRequired\":true,\"valueName\":\"search_term_string\"}}],\"inLanguage\":\"de\"},{\"@type\":\"Organization\",\"@id\":\"https:\/\/ham-log-gruppe.lt\/de\/#organization\",\"name\":\"HAM-LOG-GRUPPE\",\"url\":\"https:\/\/ham-log-gruppe.lt\/de\/\",\"logo\":{\"@type\":\"ImageObject\",\"inLanguage\":\"de\",\"@id\":\"https:\/\/ham-log-gruppe.lt\/de\/#\/schema\/logo\/image\/\",\"url\":\"https:\/\/ham-log-gruppe.lt\/wp-content\/uploads\/2022\/05\/Ham-Log-Gruppe-logo-web-personalvermittlung.png\",\"contentUrl\":\"https:\/\/ham-log-gruppe.lt\/wp-content\/uploads\/2022\/05\/Ham-Log-Gruppe-logo-web-personalvermittlung.png\",\"width\":400,\"height\":180,\"caption\":\"HAM-LOG-GRUPPE\"},\"image\":{\"@id\":\"https:\/\/ham-log-gruppe.lt\/de\/#\/schema\/logo\/image\/\"}}]}<\/script>\n<!-- \/ Yoast SEO plugin. -->","yoast_head_json":{"title":"Gender Hinweis - HAM-LOG-GRUPPE","robots":{"index":"index","follow":"follow","max-snippet":"max-snippet:-1","max-image-preview":"max-image-preview:large","max-video-preview":"max-video-preview:-1"},"canonical":"https:\/\/ham-log-gruppe.lt\/de\/gender-hinweis\/","og_locale":"de_DE","og_type":"article","og_title":"Gender Hinweis - HAM-LOG-GRUPPE","og_description":"[vc_row css_animation=&#8220;&#8220; row_type=&#8220;row&#8220; use_row_as_full_screen_section=&#8220;no&#8220; type=&#8220;grid&#8220; angled_section=&#8220;no&#8220; text_align=&#8220;center&#8220; background_image_as_pattern=&#8220;without_pattern&#8220; padding_top=&#8220;87&#8243; padding_bottom=&#8220;65&#8243; z_index=&#8220;&#8220; css=&#8220;.vc_custom_1651761660276{background-color: #ffffff !important;}&#8220;][vc_column width=&#8220;2\/3&#8243; offset=&#8220;vc_col-sm-offset-2&#8243;][vc_column_text] Gender Hinweis [\/vc_column_text][vc_separator type=&#8220;small&#8220; position=&#8220;center&#8220; color=&#8220;#fab012&#8243; thickness=&#8220;4&#8243; width=&#8220;48&#8243; up=&#8220;17&#8243; down=&#8220;25&#8243;][vc_empty_space][vc_empty_space][vc_column_text] Aus Gr\u00fcnden der besseren Lesbarkeit wird bei Personenbezeichnungen und personenbezogenen Hauptw\u00f6rtern auf dieser Website die sprachlich g\u00e4ngige Form verwendet....","og_url":"https:\/\/ham-log-gruppe.lt\/de\/gender-hinweis\/","og_site_name":"HAM-LOG-GRUPPE","article_modified_time":"2022-05-20T10:58:11+00:00","twitter_card":"summary_large_image","twitter_misc":{"Gesch\u00e4tzte Lesezeit":"1\u00a0Minute"},"schema":{"@context":"https:\/\/schema.org","@graph":[{"@type":"WebPage","@id":"https:\/\/ham-log-gruppe.lt\/de\/gender-hinweis\/","url":"https:\/\/ham-log-gruppe.lt\/de\/gender-hinweis\/","name":"Gender Hinweis - HAM-LOG-GRUPPE","isPartOf":{"@id":"https:\/\/ham-log-gruppe.lt\/de\/#website"},"datePublished":"2022-05-20T10:44:26+00:00","dateModified":"2022-05-20T10:58:11+00:00","breadcrumb":{"@id":"https:\/\/ham-log-gruppe.lt\/de\/gender-hinweis\/#breadcrumb"},"inLanguage":"de","potentialAction":[{"@type":"ReadAction","target":["https:\/\/ham-log-gruppe.lt\/de\/gender-hinweis\/"]}]},{"@type":"BreadcrumbList","@id":"https:\/\/ham-log-gruppe.lt\/de\/gender-hinweis\/#breadcrumb","itemListElement":[{"@type":"ListItem","position":1,"name":"Startseite","item":"https:\/\/ham-log-gruppe.lt\/de\/"},{"@type":"ListItem","position":2,"name":"Gender Hinweis"}]},{"@type":"WebSite","@id":"https:\/\/ham-log-gruppe.lt\/de\/#website","url":"https:\/\/ham-log-gruppe.lt\/de\/","name":"HAM-LOG-GRUPPE","description":"Logistik | Personaldienstleister | Werkvertr\u00e4ge | Arbeitnehmer\u00fcberlassung","publisher":{"@id":"https:\/\/ham-log-gruppe.lt\/de\/#organization"},"potentialAction":[{"@type":"SearchAction","target":{"@type":"EntryPoint","urlTemplate":"https:\/\/ham-log-gruppe.lt\/de\/?s={search_term_string}"},"query-input":{"@type":"PropertyValueSpecification","valueRequired":true,"valueName":"search_term_string"}}],"inLanguage":"de"},{"@type":"Organization","@id":"https:\/\/ham-log-gruppe.lt\/de\/#organization","name":"HAM-LOG-GRUPPE","url":"https:\/\/ham-log-gruppe.lt\/de\/","logo":{"@type":"ImageObject","inLanguage":"de","@id":"https:\/\/ham-log-gruppe.lt\/de\/#\/schema\/logo\/image\/","url":"https:\/\/ham-log-gruppe.lt\/wp-content\/uploads\/2022\/05\/Ham-Log-Gruppe-logo-web-personalvermittlung.png","contentUrl":"https:\/\/ham-log-gruppe.lt\/wp-content\/uploads\/2022\/05\/Ham-Log-Gruppe-logo-web-personalvermittlung.png","width":400,"height":180,"caption":"HAM-LOG-GRUPPE"},"image":{"@id":"https:\/\/ham-log-gruppe.lt\/de\/#\/schema\/logo\/image\/"}}]}},"_links":{"self":[{"href":"https:\/\/ham-log-gruppe.lt\/de\/wp-json\/wp\/v2\/pages\/2358","targetHints":{"allow":["GET"]}}],"collection":[{"href":"https:\/\/ham-log-gruppe.lt\/de\/wp-json\/wp\/v2\/pages"}],"about":[{"href":"https:\/\/ham-log-gruppe.lt\/de\/wp-json\/wp\/v2\/types\/page"}],"author":[{"embeddable":true,"href":"https:\/\/ham-log-gruppe.lt\/de\/wp-json\/wp\/v2\/users\/2"}],"replies":[{"embeddable":true,"href":"https:\/\/ham-log-gruppe.lt\/de\/wp-json\/wp\/v2\/comments?post=2358"}],"version-history":[{"count":0,"href":"https:\/\/ham-log-gruppe.lt\/de\/wp-json\/wp\/v2\/pages\/2358\/revisions"}],"wp:attachment":[{"href":"https:\/\/ham-log-gruppe.lt\/de\/wp-json\/wp\/v2\/media?parent=2358"}],"curies":[{"name":"wp","href":"https:\/\/api.w.org\/{rel}","templated":true}]}}