{"id":4040,"date":"2022-06-15T07:49:43","date_gmt":"2022-06-15T07:49:43","guid":{"rendered":"https:\/\/bewerber.ham-log-gruppe.com\/?page_id=4040"},"modified":"2022-06-15T08:18:00","modified_gmt":"2022-06-15T08:18:00","slug":"rueckrufservice","status":"publish","type":"page","link":"https:\/\/ham-log-gruppe.lt\/de\/rueckrufservice\/","title":{"rendered":"R\u00fcckrufservice"},"content":{"rendered":"<div class=\"wpb-content-wrapper\"><p>[vc_row css_animation=&#8220;&#8220; row_type=&#8220;row&#8220; use_row_as_full_screen_section=&#8220;no&#8220; type=&#8220;grid&#8220; angled_section=&#8220;no&#8220; text_align=&#8220;center&#8220; background_image_as_pattern=&#8220;without_pattern&#8220; padding_top=&#8220;87&#8243; padding_bottom=&#8220;65&#8243; z_index=&#8220;&#8220; css=&#8220;.vc_custom_1655281076890{background-color: #ffffff !important;}&#8220;][vc_column width=&#8220;2\/3&#8243; offset=&#8220;vc_col-sm-offset-2&#8243;][vc_column_text]<\/p>\n<h1>R\u00fcckrufservice<\/h1>\n<p>[\/vc_column_text][vc_separator type=&#8220;small&#8220; position=&#8220;center&#8220; color=&#8220;#fab012&#8243; thickness=&#8220;4&#8243; width=&#8220;48&#8243; up=&#8220;17&#8243; down=&#8220;25&#8243;][vc_column_text]<\/p>\n<h5>Bitte f\u00fclle f\u00fcr einen R\u00fcckruf das untenstehende Formular aus. Wir rufen Dich gerne zur\u00fcck.<\/h5>\n<p>[\/vc_column_text][\/vc_column][\/vc_row][vc_row css_animation=&#8220;&#8220; row_type=&#8220;row&#8220; use_row_as_full_screen_section=&#8220;no&#8220; type=&#8220;grid&#8220; angled_section=&#8220;no&#8220; text_align=&#8220;left&#8220; background_image_as_pattern=&#8220;without_pattern&#8220; z_index=&#8220;&#8220; css=&#8220;.vc_custom_1655280571597{background-color: #ffffff !important;}&#8220;][vc_column width=&#8220;1\/6&#8243;][\/vc_column][vc_column width=&#8220;2\/3&#8243;]\n<div class=\"wpcf7 no-js\" id=\"wpcf7-f4039-o1\" lang=\"de-DE\" dir=\"ltr\" data-wpcf7-id=\"4039\">\n<div class=\"screen-reader-response\"><p role=\"status\" aria-live=\"polite\" aria-atomic=\"true\"><\/p> <ul><\/ul><\/div>\n<form action=\"\/de\/wp-json\/wp\/v2\/pages\/4040#wpcf7-f4039-o1\" method=\"post\" class=\"wpcf7-form init cf7_custom_style_1\" aria-label=\"Contact form\" novalidate=\"novalidate\" data-status=\"init\">\n<fieldset class=\"hidden-fields-container\"><input type=\"hidden\" name=\"_wpcf7\" value=\"4039\" \/><input type=\"hidden\" name=\"_wpcf7_version\" value=\"6.1.5\" \/><input type=\"hidden\" name=\"_wpcf7_locale\" value=\"de_DE\" \/><input type=\"hidden\" name=\"_wpcf7_unit_tag\" value=\"wpcf7-f4039-o1\" \/><input type=\"hidden\" name=\"_wpcf7_container_post\" value=\"0\" \/><input type=\"hidden\" name=\"_wpcf7_posted_data_hash\" value=\"\" \/>\n<\/fieldset>\n<p><span class=\"wpcf7-form-control-wrap\" data-name=\"text-titel\"><input size=\"40\" maxlength=\"400\" class=\"wpcf7-form-control wpcf7-text wpcf7-validates-as-required form-control form-control-lg\" aria-required=\"true\" aria-invalid=\"false\" placeholder=\"Herr, Frau, Divers\" value=\"\" type=\"text\" name=\"text-titel\" \/><\/span>\n<\/p>\n<div class=\"wps-form\">\n\t<div class=\"wps-form-row\">\n\t\t<div class=\"wps-form-column\">\n\t\t\t<div id=\"left\">\n\t\t\t\t<p><span class=\"wpcf7-form-control-wrap\" data-name=\"text-vorname\"><input size=\"40\" maxlength=\"400\" class=\"wpcf7-form-control wpcf7-text wpcf7-validates-as-required form-control form-control-lg\" aria-required=\"true\" aria-invalid=\"false\" placeholder=\"Vor- und Nachname\" value=\"\" type=\"text\" name=\"text-vorname\" \/><\/span><br \/>\n<span class=\"wpcf7-form-control-wrap\" data-name=\"text-funktion\"><input size=\"40\" maxlength=\"400\" class=\"wpcf7-form-control wpcf7-text wpcf7-validates-as-required form-control form-control-lg\" aria-required=\"true\" aria-invalid=\"false\" placeholder=\"Position\" value=\"\" type=\"text\" name=\"text-funktion\" \/><\/span>\n\t\t\t\t<\/p>\n\t\t\t<\/div>\n\t\t<\/div>\n\t\t<div class=\"wps-form-column\">\n\t\t\t<div id=\"right\">\n\t\t\t\t<p><span class=\"wpcf7-form-control-wrap\" data-name=\"tel-telefonnummer\"><input size=\"40\" maxlength=\"400\" class=\"wpcf7-form-control wpcf7-tel wpcf7-validates-as-required wpcf7-text wpcf7-validates-as-tel form-control form-control-lg\" aria-required=\"true\" aria-invalid=\"false\" placeholder=\"Telefon\" value=\"\" type=\"tel\" name=\"tel-telefonnummer\" \/><\/span><br \/>\n<span class=\"wpcf7-form-control-wrap\" data-name=\"email-email-adresse\"><input size=\"40\" maxlength=\"400\" class=\"wpcf7-form-control wpcf7-email wpcf7-validates-as-required wpcf7-text wpcf7-validates-as-email form-control form-control-lg\" aria-required=\"true\" aria-invalid=\"false\" placeholder=\"E-Mail\" value=\"\" type=\"email\" name=\"email-email-adresse\" \/><\/span>\n\t\t\t\t<\/p>\n\t\t\t<\/div>\n\t\t<\/div>\n\t<\/div>\n\t<div class=\"wps-form\">\n\t\t<div class=\"wps-form-row\">\n\t\t\t<div class=\"wps-form-column\">\n\t\t\t\t<p>R\u00fcckrufzeit:\n\t\t\t\t<\/p>\n\t\t\t\t<p><span class=\"wpcf7-form-control-wrap\" data-name=\"checkbox-226\"><span class=\"wpcf7-form-control wpcf7-checkbox zeit\"><span class=\"wpcf7-list-item first\"><label><input type=\"checkbox\" name=\"checkbox-226[]\" value=\"08-10\" \/><span class=\"wpcf7-list-item-label\">08-10<\/span><\/label><\/span><span class=\"wpcf7-list-item\"><label><input type=\"checkbox\" name=\"checkbox-226[]\" value=\"10-12\" \/><span class=\"wpcf7-list-item-label\">10-12<\/span><\/label><\/span><span class=\"wpcf7-list-item\"><label><input type=\"checkbox\" name=\"checkbox-226[]\" value=\"12-14\" \/><span class=\"wpcf7-list-item-label\">12-14<\/span><\/label><\/span><span class=\"wpcf7-list-item\"><label><input type=\"checkbox\" name=\"checkbox-226[]\" value=\"14-16\" \/><span class=\"wpcf7-list-item-label\">14-16<\/span><\/label><\/span><span class=\"wpcf7-list-item\"><label><input type=\"checkbox\" name=\"checkbox-226[]\" value=\"16-18\" \/><span class=\"wpcf7-list-item-label\">16-18<\/span><\/label><\/span><span class=\"wpcf7-list-item last\"><label><input type=\"checkbox\" name=\"checkbox-226[]\" value=\"18-20\" \/><span class=\"wpcf7-list-item-label\">18-20<\/span><\/label><\/span><\/span><\/span>\n\t\t\t\t<\/p>\n\t\t\t\t<p><span class=\"wpcf7-form-control-wrap\" data-name=\"uhrzeit\"><textarea cols=\"40\" rows=\"10\" maxlength=\"2000\" class=\"wpcf7-form-control wpcf7-textarea form-control form-control-lg\" id=\"uhr\" aria-invalid=\"false\" placeholder=\"Wunschzeitraum\" name=\"uhrzeit\"><\/textarea><\/span>\n\t\t\t\t<\/p>\n\t\t\t<\/div>\n\t\t\t<div class=\"wps-form-column\">\n\t\t\t<\/div>\n\t\t\t<div class=\"wps-form-column\">\n\t\t\t\t<p>Wochentage:\n\t\t\t\t<\/p>\n\t\t\t\t<p><span class=\"wpcf7-form-control-wrap\" data-name=\"checkbox-969\"><span class=\"wpcf7-form-control wpcf7-checkbox Zeit 2\"><span class=\"wpcf7-list-item first\"><label><input type=\"checkbox\" name=\"checkbox-969[]\" value=\"Montags\" \/><span class=\"wpcf7-list-item-label\">Montags<\/span><\/label><\/span><span class=\"wpcf7-list-item\"><label><input type=\"checkbox\" name=\"checkbox-969[]\" value=\"Dienstags\" \/><span class=\"wpcf7-list-item-label\">Dienstags<\/span><\/label><\/span><span class=\"wpcf7-list-item\"><label><input type=\"checkbox\" name=\"checkbox-969[]\" value=\"Mittwochs\" \/><span class=\"wpcf7-list-item-label\">Mittwochs<\/span><\/label><\/span><span class=\"wpcf7-list-item\"><label><input type=\"checkbox\" name=\"checkbox-969[]\" value=\"Donnerstags\" \/><span class=\"wpcf7-list-item-label\">Donnerstags<\/span><\/label><\/span><span class=\"wpcf7-list-item last\"><label><input type=\"checkbox\" name=\"checkbox-969[]\" value=\"Freitags\" \/><span class=\"wpcf7-list-item-label\">Freitags<\/span><\/label><\/span><\/span><\/span>\n\t\t\t\t<\/p>\n\t\t\t<\/div>\n\t\t\t<div class=\"wps-form-column\"\n<\/div>\n\t\t\t<\/div>\n\t\t<\/div>\n\t<\/div>\n\t<h6 align=\"left\"> <span class=\"wpcf7-form-control-wrap\" data-name=\"einwilligung\"><span class=\"wpcf7-form-control wpcf7-checkbox wpcf7-validates-as-required\"><span class=\"wpcf7-list-item first last\"><label><input type=\"checkbox\" name=\"einwilligung[]\" value=\"Ich nehme zur Kenntnis, dass meine Daten zur Bearbeitung meiner Anfrage gespeichert werden. Ich erkl\u00e4re mich einverstanden mit dem Versand von E-Mails oder der Kontaktaufnahme per Telefon, indem ich die entsprechenden Daten im Kontaktformular angebe.\" \/><span class=\"wpcf7-list-item-label\">Ich nehme zur Kenntnis, dass meine Daten zur Bearbeitung meiner Anfrage gespeichert werden. Ich erkl\u00e4re mich einverstanden mit dem Versand von E-Mails oder der Kontaktaufnahme per Telefon, indem ich die entsprechenden Daten im Kontaktformular angebe.<\/span><\/label><\/span><\/span><\/span>\n\t<\/h6>\n\t<h6 align=\"left\"><span class=\"wpcf7-form-control-wrap\" data-name=\"datenschutz\"><span class=\"wpcf7-form-control wpcf7-checkbox wpcf7-validates-as-required\"><span class=\"wpcf7-list-item first last\"><label><input type=\"checkbox\" name=\"datenschutz[]\" value=\"Ja, ich habe die Datenschutzerkl\u00e4rung gelesen und akzeptiert.\" \/><span class=\"wpcf7-list-item-label\">Ja, ich habe die Datenschutzerkl\u00e4rung gelesen und akzeptiert.<\/span><\/label><\/span><\/span><\/span>\n\t<\/h6>\n\t<div class=\"col-md-3 py-3\">\n\t\t<p><input class=\"wpcf7-form-control wpcf7-submit has-spinner btn btn-orange\" type=\"submit\" value=\"Anfrage senden\" \/>\n\t\t<\/p>\n\t<\/div>\n<\/div><div class=\"wpcf7-response-output\" aria-hidden=\"true\"><\/div>\n<\/form>\n<\/div>\n[\/vc_column][vc_column width=&#8220;1\/6&#8243;][\/vc_column][\/vc_row][vc_row css_animation=&#8220;&#8220; row_type=&#8220;row&#8220; use_row_as_full_screen_section=&#8220;no&#8220; type=&#8220;full_width&#8220; angled_section=&#8220;no&#8220; text_align=&#8220;left&#8220; background_image_as_pattern=&#8220;without_pattern&#8220; css=&#8220;.vc_custom_1655280633716{background-color: #ffffff !important;}&#8220; z_index=&#8220;&#8220;][vc_column][vc_empty_space height=&#8220;100px&#8220;][\/vc_column][\/vc_row]<\/p>\n<\/div>","protected":false},"excerpt":{"rendered":"<p>[vc_row css_animation=&#8220;&#8220; row_type=&#8220;row&#8220; use_row_as_full_screen_section=&#8220;no&#8220; type=&#8220;grid&#8220; angled_section=&#8220;no&#8220; text_align=&#8220;center&#8220; background_image_as_pattern=&#8220;without_pattern&#8220; padding_top=&#8220;87&#8243; padding_bottom=&#8220;65&#8243; z_index=&#8220;&#8220; css=&#8220;.vc_custom_1655281076890{background-color: #ffffff !important;}&#8220;][vc_column width=&#8220;2\/3&#8243; offset=&#8220;vc_col-sm-offset-2&#8243;][vc_column_text] R\u00fcckrufservice [\/vc_column_text][vc_separator type=&#8220;small&#8220; position=&#8220;center&#8220; color=&#8220;#fab012&#8243; thickness=&#8220;4&#8243; width=&#8220;48&#8243; up=&#8220;17&#8243; down=&#8220;25&#8243;][vc_column_text] Bitte f\u00fclle f\u00fcr einen R\u00fcckruf das untenstehende Formular aus. Wir rufen Dich gerne zur\u00fcck. [\/vc_column_text][\/vc_column][\/vc_row][vc_row css_animation=&#8220;&#8220; row_type=&#8220;row&#8220; use_row_as_full_screen_section=&#8220;no&#8220; type=&#8220;grid&#8220; angled_section=&#8220;no&#8220;&#8230;<\/p>\n","protected":false},"author":2,"featured_media":0,"parent":0,"menu_order":0,"comment_status":"closed","ping_status":"closed","template":"full_width.php","meta":{"footnotes":""},"class_list":["post-4040","page","type-page","status-publish","hentry"],"yoast_head":"<!-- This site is optimized with the Yoast SEO plugin v27.1.1 - https:\/\/yoast.com\/product\/yoast-seo-wordpress\/ -->\n<title>R\u00fcckrufservice - HAM-LOG-GRUPPE<\/title>\n<meta name=\"robots\" content=\"index, follow, max-snippet:-1, max-image-preview:large, max-video-preview:-1\" \/>\n<link rel=\"canonical\" href=\"https:\/\/ham-log-gruppe.lt\/de\/rueckrufservice\/\" \/>\n<meta property=\"og:locale\" content=\"de_DE\" \/>\n<meta property=\"og:type\" content=\"article\" \/>\n<meta property=\"og:title\" content=\"R\u00fcckrufservice - HAM-LOG-GRUPPE\" \/>\n<meta property=\"og:description\" content=\"[vc_row css_animation=&#8220;&#8220; row_type=&#8220;row&#8220; use_row_as_full_screen_section=&#8220;no&#8220; type=&#8220;grid&#8220; angled_section=&#8220;no&#8220; text_align=&#8220;center&#8220; background_image_as_pattern=&#8220;without_pattern&#8220; padding_top=&#8220;87&#8243; padding_bottom=&#8220;65&#8243; z_index=&#8220;&#8220; css=&#8220;.vc_custom_1655281076890{background-color: #ffffff !important;}&#8220;][vc_column width=&#8220;2\/3&#8243; offset=&#8220;vc_col-sm-offset-2&#8243;][vc_column_text] R\u00fcckrufservice [\/vc_column_text][vc_separator type=&#8220;small&#8220; position=&#8220;center&#8220; color=&#8220;#fab012&#8243; thickness=&#8220;4&#8243; width=&#8220;48&#8243; up=&#8220;17&#8243; down=&#8220;25&#8243;][vc_column_text] Bitte f\u00fclle f\u00fcr einen R\u00fcckruf das untenstehende Formular aus. Wir rufen Dich gerne zur\u00fcck. [\/vc_column_text][\/vc_column][\/vc_row][vc_row css_animation=&#8220;&#8220; row_type=&#8220;row&#8220; use_row_as_full_screen_section=&#8220;no&#8220; type=&#8220;grid&#8220; angled_section=&#8220;no&#8220;...\" \/>\n<meta property=\"og:url\" content=\"https:\/\/ham-log-gruppe.lt\/de\/rueckrufservice\/\" \/>\n<meta property=\"og:site_name\" content=\"HAM-LOG-GRUPPE\" \/>\n<meta property=\"article:modified_time\" content=\"2022-06-15T08:18:00+00:00\" \/>\n<meta name=\"twitter:card\" content=\"summary_large_image\" \/>\n<meta name=\"twitter:label1\" content=\"Gesch\u00e4tzte Lesezeit\" \/>\n\t<meta name=\"twitter:data1\" content=\"1\u00a0Minute\" \/>\n<script type=\"application\/ld+json\" class=\"yoast-schema-graph\">{\"@context\":\"https:\/\/schema.org\",\"@graph\":[{\"@type\":\"WebPage\",\"@id\":\"https:\/\/ham-log-gruppe.lt\/de\/rueckrufservice\/\",\"url\":\"https:\/\/ham-log-gruppe.lt\/de\/rueckrufservice\/\",\"name\":\"R\u00fcckrufservice - HAM-LOG-GRUPPE\",\"isPartOf\":{\"@id\":\"https:\/\/ham-log-gruppe.lt\/de\/#website\"},\"datePublished\":\"2022-06-15T07:49:43+00:00\",\"dateModified\":\"2022-06-15T08:18:00+00:00\",\"breadcrumb\":{\"@id\":\"https:\/\/ham-log-gruppe.lt\/de\/rueckrufservice\/#breadcrumb\"},\"inLanguage\":\"de\",\"potentialAction\":[{\"@type\":\"ReadAction\",\"target\":[\"https:\/\/ham-log-gruppe.lt\/de\/rueckrufservice\/\"]}]},{\"@type\":\"BreadcrumbList\",\"@id\":\"https:\/\/ham-log-gruppe.lt\/de\/rueckrufservice\/#breadcrumb\",\"itemListElement\":[{\"@type\":\"ListItem\",\"position\":1,\"name\":\"Startseite\",\"item\":\"https:\/\/ham-log-gruppe.lt\/de\/\"},{\"@type\":\"ListItem\",\"position\":2,\"name\":\"R\u00fcckrufservice\"}]},{\"@type\":\"WebSite\",\"@id\":\"https:\/\/ham-log-gruppe.lt\/de\/#website\",\"url\":\"https:\/\/ham-log-gruppe.lt\/de\/\",\"name\":\"HAM-LOG-GRUPPE\",\"description\":\"Logistik | Personaldienstleister | Werkvertr\u00e4ge | Arbeitnehmer\u00fcberlassung\",\"publisher\":{\"@id\":\"https:\/\/ham-log-gruppe.lt\/de\/#organization\"},\"potentialAction\":[{\"@type\":\"SearchAction\",\"target\":{\"@type\":\"EntryPoint\",\"urlTemplate\":\"https:\/\/ham-log-gruppe.lt\/de\/?s={search_term_string}\"},\"query-input\":{\"@type\":\"PropertyValueSpecification\",\"valueRequired\":true,\"valueName\":\"search_term_string\"}}],\"inLanguage\":\"de\"},{\"@type\":\"Organization\",\"@id\":\"https:\/\/ham-log-gruppe.lt\/de\/#organization\",\"name\":\"HAM-LOG-GRUPPE\",\"url\":\"https:\/\/ham-log-gruppe.lt\/de\/\",\"logo\":{\"@type\":\"ImageObject\",\"inLanguage\":\"de\",\"@id\":\"https:\/\/ham-log-gruppe.lt\/de\/#\/schema\/logo\/image\/\",\"url\":\"https:\/\/ham-log-gruppe.lt\/wp-content\/uploads\/2022\/05\/Ham-Log-Gruppe-logo-web-personalvermittlung.png\",\"contentUrl\":\"https:\/\/ham-log-gruppe.lt\/wp-content\/uploads\/2022\/05\/Ham-Log-Gruppe-logo-web-personalvermittlung.png\",\"width\":400,\"height\":180,\"caption\":\"HAM-LOG-GRUPPE\"},\"image\":{\"@id\":\"https:\/\/ham-log-gruppe.lt\/de\/#\/schema\/logo\/image\/\"}}]}<\/script>\n<!-- \/ Yoast SEO plugin. -->","yoast_head_json":{"title":"R\u00fcckrufservice - HAM-LOG-GRUPPE","robots":{"index":"index","follow":"follow","max-snippet":"max-snippet:-1","max-image-preview":"max-image-preview:large","max-video-preview":"max-video-preview:-1"},"canonical":"https:\/\/ham-log-gruppe.lt\/de\/rueckrufservice\/","og_locale":"de_DE","og_type":"article","og_title":"R\u00fcckrufservice - HAM-LOG-GRUPPE","og_description":"[vc_row css_animation=&#8220;&#8220; row_type=&#8220;row&#8220; use_row_as_full_screen_section=&#8220;no&#8220; type=&#8220;grid&#8220; angled_section=&#8220;no&#8220; text_align=&#8220;center&#8220; background_image_as_pattern=&#8220;without_pattern&#8220; padding_top=&#8220;87&#8243; padding_bottom=&#8220;65&#8243; z_index=&#8220;&#8220; css=&#8220;.vc_custom_1655281076890{background-color: #ffffff !important;}&#8220;][vc_column width=&#8220;2\/3&#8243; offset=&#8220;vc_col-sm-offset-2&#8243;][vc_column_text] R\u00fcckrufservice [\/vc_column_text][vc_separator type=&#8220;small&#8220; position=&#8220;center&#8220; color=&#8220;#fab012&#8243; thickness=&#8220;4&#8243; width=&#8220;48&#8243; up=&#8220;17&#8243; down=&#8220;25&#8243;][vc_column_text] Bitte f\u00fclle f\u00fcr einen R\u00fcckruf das untenstehende Formular aus. Wir rufen Dich gerne zur\u00fcck. [\/vc_column_text][\/vc_column][\/vc_row][vc_row css_animation=&#8220;&#8220; row_type=&#8220;row&#8220; use_row_as_full_screen_section=&#8220;no&#8220; type=&#8220;grid&#8220; angled_section=&#8220;no&#8220;...","og_url":"https:\/\/ham-log-gruppe.lt\/de\/rueckrufservice\/","og_site_name":"HAM-LOG-GRUPPE","article_modified_time":"2022-06-15T08:18:00+00:00","twitter_card":"summary_large_image","twitter_misc":{"Gesch\u00e4tzte Lesezeit":"1\u00a0Minute"},"schema":{"@context":"https:\/\/schema.org","@graph":[{"@type":"WebPage","@id":"https:\/\/ham-log-gruppe.lt\/de\/rueckrufservice\/","url":"https:\/\/ham-log-gruppe.lt\/de\/rueckrufservice\/","name":"R\u00fcckrufservice - HAM-LOG-GRUPPE","isPartOf":{"@id":"https:\/\/ham-log-gruppe.lt\/de\/#website"},"datePublished":"2022-06-15T07:49:43+00:00","dateModified":"2022-06-15T08:18:00+00:00","breadcrumb":{"@id":"https:\/\/ham-log-gruppe.lt\/de\/rueckrufservice\/#breadcrumb"},"inLanguage":"de","potentialAction":[{"@type":"ReadAction","target":["https:\/\/ham-log-gruppe.lt\/de\/rueckrufservice\/"]}]},{"@type":"BreadcrumbList","@id":"https:\/\/ham-log-gruppe.lt\/de\/rueckrufservice\/#breadcrumb","itemListElement":[{"@type":"ListItem","position":1,"name":"Startseite","item":"https:\/\/ham-log-gruppe.lt\/de\/"},{"@type":"ListItem","position":2,"name":"R\u00fcckrufservice"}]},{"@type":"WebSite","@id":"https:\/\/ham-log-gruppe.lt\/de\/#website","url":"https:\/\/ham-log-gruppe.lt\/de\/","name":"HAM-LOG-GRUPPE","description":"Logistik | Personaldienstleister | Werkvertr\u00e4ge | Arbeitnehmer\u00fcberlassung","publisher":{"@id":"https:\/\/ham-log-gruppe.lt\/de\/#organization"},"potentialAction":[{"@type":"SearchAction","target":{"@type":"EntryPoint","urlTemplate":"https:\/\/ham-log-gruppe.lt\/de\/?s={search_term_string}"},"query-input":{"@type":"PropertyValueSpecification","valueRequired":true,"valueName":"search_term_string"}}],"inLanguage":"de"},{"@type":"Organization","@id":"https:\/\/ham-log-gruppe.lt\/de\/#organization","name":"HAM-LOG-GRUPPE","url":"https:\/\/ham-log-gruppe.lt\/de\/","logo":{"@type":"ImageObject","inLanguage":"de","@id":"https:\/\/ham-log-gruppe.lt\/de\/#\/schema\/logo\/image\/","url":"https:\/\/ham-log-gruppe.lt\/wp-content\/uploads\/2022\/05\/Ham-Log-Gruppe-logo-web-personalvermittlung.png","contentUrl":"https:\/\/ham-log-gruppe.lt\/wp-content\/uploads\/2022\/05\/Ham-Log-Gruppe-logo-web-personalvermittlung.png","width":400,"height":180,"caption":"HAM-LOG-GRUPPE"},"image":{"@id":"https:\/\/ham-log-gruppe.lt\/de\/#\/schema\/logo\/image\/"}}]}},"_links":{"self":[{"href":"https:\/\/ham-log-gruppe.lt\/de\/wp-json\/wp\/v2\/pages\/4040","targetHints":{"allow":["GET"]}}],"collection":[{"href":"https:\/\/ham-log-gruppe.lt\/de\/wp-json\/wp\/v2\/pages"}],"about":[{"href":"https:\/\/ham-log-gruppe.lt\/de\/wp-json\/wp\/v2\/types\/page"}],"author":[{"embeddable":true,"href":"https:\/\/ham-log-gruppe.lt\/de\/wp-json\/wp\/v2\/users\/2"}],"replies":[{"embeddable":true,"href":"https:\/\/ham-log-gruppe.lt\/de\/wp-json\/wp\/v2\/comments?post=4040"}],"version-history":[{"count":0,"href":"https:\/\/ham-log-gruppe.lt\/de\/wp-json\/wp\/v2\/pages\/4040\/revisions"}],"wp:attachment":[{"href":"https:\/\/ham-log-gruppe.lt\/de\/wp-json\/wp\/v2\/media?parent=4040"}],"curies":[{"name":"wp","href":"https:\/\/api.w.org\/{rel}","templated":true}]}}