{"id":73,"date":"2020-03-25T01:28:41","date_gmt":"2020-03-25T01:28:41","guid":{"rendered":"http:\/\/localhost\/hamlog\/?page_id=73"},"modified":"2022-08-05T15:56:15","modified_gmt":"2022-08-05T15:56:15","slug":"impressum","status":"publish","type":"page","link":"https:\/\/ham-log-gruppe.lt\/de\/impressum\/","title":{"rendered":"IMPRESSUM"},"content":{"rendered":"<div class=\"wpb-content-wrapper\"><p>[vc_row css_animation=&#8220;&#8220; row_type=&#8220;row&#8220; use_row_as_full_screen_section=&#8220;no&#8220; type=&#8220;grid&#8220; angled_section=&#8220;no&#8220; text_align=&#8220;center&#8220; background_image_as_pattern=&#8220;without_pattern&#8220; padding_top=&#8220;87&#8243; padding_bottom=&#8220;65&#8243; z_index=&#8220;&#8220; css=&#8220;.vc_custom_1651761660276{background-color: #ffffff !important;}&#8220;][vc_column width=&#8220;2\/3&#8243; offset=&#8220;vc_col-sm-offset-2&#8243;][vc_column_text]<\/p>\n<h1>Impressum<\/h1>\n<p>[\/vc_column_text][vc_separator type=&#8220;small&#8220; position=&#8220;center&#8220; color=&#8220;#fab012&#8243; thickness=&#8220;4&#8243; width=&#8220;48&#8243; up=&#8220;17&#8243; down=&#8220;25&#8243;][\/vc_column][\/vc_row][vc_row css_animation=&#8220;&#8220; row_type=&#8220;row&#8220; use_row_as_full_screen_section=&#8220;no&#8220; type=&#8220;grid&#8220; angled_section=&#8220;no&#8220; text_align=&#8220;left&#8220; background_image_as_pattern=&#8220;without_pattern&#8220; z_index=&#8220;&#8220; css=&#8220;.vc_custom_1652094117399{background-color: #ffffff !important;}&#8220;][vc_column][vc_empty_space height=&#8220;50px&#8220;][vc_column_text]Angaben gem\u00e4\u00df \u00a7 5 TMG:<br \/>\nHAM-LOG-GRUPPE Holding GmbH<br \/>\nMittelweg 110 b<br \/>\n20149 Hamburg<br \/>\nT +49 40 444 055 60<br \/>\nF +49 40 444 055 620<\/p>\n<p>&nbsp;<\/p>\n<p>Vertreten durch:<br \/>\nGesch\u00e4ftsf\u00fchrer: Dr. Ralf Kauermann, Jens Altenburg und Robertas Butkus<\/p>\n<p>Registereintrag:<br \/>\nRegistergericht: Amtsgericht Hamburg<br \/>\nRegisternummer: HRB 125655<br \/>\nUmsatzsteuer-ID:<br \/>\nUmsatzsteuer-Identifikationsnummer gem\u00e4\u00df \u00a727 a Umsatzsteuergesetz:<br \/>\nDE 815401776<\/p>\n<p>&nbsp;<\/p>\n<p>Zust\u00e4ndige Erlaubnisbeh\u00f6rde:<br \/>\nAgentur f\u00fcr Arbeit Kiel<br \/>\nProjensdorfer Stra\u00dfe 82<br \/>\n24106 Kiel<\/p>\n<p>&nbsp;<\/p>\n<p>Die HAM-LOG-GRUPPE Holding GmbH ist zur Teilnahme an einem Streitbeilegungsverfahren vor einer Verbraucherschlichtungsstelle weder bereit noch dazu verpflichtet.<\/p>\n<p>Die Europ\u00e4ische Kommission hat unter\u00a0<a href=\"http:\/\/ec.europa.eu\/consumers\/odr\/\">http:\/\/ec.europa.eu\/consumers\/odr\/<\/a>\u00a0eine Europ\u00e4ische Online-Streitbeilegungsplattform errichtet. Die Online-Streitbeilegungsplattform k\u00f6nnen Verbraucher f\u00fcr die au\u00dfergerichtliche Beilegung von Streitigkeiten aus online geschlossenen Kauf- oder Dienstleistungsvertr\u00e4gen nutzen.<\/p>\n<p><strong>\u00a0<\/strong><\/p>\n<p><strong>Haftungsausschluss<\/strong><\/p>\n<p><strong>\u00a0<\/strong><\/p>\n<p><strong>Haftung f\u00fcr Inhalte<\/strong><\/p>\n<p>Die Inhalte unserer Seiten wurden mit gr\u00f6\u00dfter Sorgfalt erstellt. F\u00fcr die Richtigkeit, Vollst\u00e4ndigkeit und Aktualit\u00e4t der Inhalte k\u00f6nnen wir jedoch keine Gew\u00e4hr \u00fcbernehmen. Als Diensteanbieter sind wir gem\u00e4\u00df \u00a7 7 Abs.1 TMG f\u00fcr eigene Inhalte auf diesen Seiten nach den allgemeinen Gesetzen verantwortlich. Nach \u00a7\u00a7 8 bis 10 TMG sind wir als Diensteanbieter jedoch nicht verpflichtet, \u00fcbermittelte oder gespeicherte fremde Informationen zu \u00fcberwachen oder nach Umst\u00e4nden zu forschen, die auf eine rechtswidrige T\u00e4tigkeit hinweisen. Verpflichtungen zur Entfernung oder Sperrung der Nutzung von Informationen nach den allgemeinen Gesetzen bleiben hiervon unber\u00fchrt. Eine diesbez\u00fcgliche Haftung ist jedoch erst ab dem Zeitpunkt der Kenntnis einer konkreten Rechtsverletzung m\u00f6glich. Bei Bekanntwerden von entsprechenden Rechtsverletzungen werden wir diese Inhalte umgehend entfernen.<\/p>\n<p><strong>\u00a0<\/strong><\/p>\n<p><strong>Haftung f\u00fcr Links<\/strong><\/p>\n<p>Unser Angebot enth\u00e4lt Links zu externen Webseiten Dritter, auf deren Inhalte wir keinen Einfluss haben. Deshalb k\u00f6nnen wir f\u00fcr diese fremden Inhalte auch keine Gew\u00e4hr \u00fcbernehmen. F\u00fcr die Inhalte der verlinkten Seiten ist stets der jeweilige Anbieter oder Betreiber der Seiten verantwortlich. Die verlinkten Seiten wurden zum Zeitpunkt der Verlinkung auf m\u00f6gliche Rechtsverst\u00f6\u00dfe \u00fcberpr\u00fcft. Rechtswidrige Inhalte waren zum Zeitpunkt der Verlinkung nicht erkennbar. Eine permanente inhaltliche Kontrolle der verlinkten Seiten ist jedoch ohne konkrete Anhaltspunkte einer Rechtsverletzung nicht zumutbar. Bei Bekanntwerden von Rechtsverletzungen werden wir derartige Links umgehend entfernen.<\/p>\n<p>&nbsp;<\/p>\n<p><strong>Urheberrecht<\/strong><\/p>\n<p>Die durch die Seitenbetreiber erstellten Inhalte und Werke auf diesen Seiten unterliegen dem deutschen Urheberrecht. Die Vervielf\u00e4ltigung, Bearbeitung, Verbreitung und jede Art der Verwertung au\u00dferhalb der Grenzen des Urheberrechtes bed\u00fcrfen der schriftlichen Zustimmung des jeweiligen Autors bzw. Erstellers. Downloads und Kopien dieser Seite sind nur f\u00fcr den privaten, nicht kommerziellen Gebrauch gestattet. Soweit die Inhalte auf dieser Seite nicht vom Betreiber erstellt wurden, werden die Urheberrechte Dritter beachtet. Insbesondere werden Inhalte Dritter als solche gekennzeichnet. Sollten Sie trotzdem auf eine Urheberrechtsverletzung aufmerksam werden, bitten wir um einen entsprechenden Hinweis. Bei Bekanntwerden von Rechtsverletzungen werden wir derartige Inhalte umgehend entfernen.<br \/>\nDatenschutz<\/p>\n<p>Die Nutzung unserer Webseite ist in der Regel ohne Angabe personenbezogener Daten m\u00f6glich. Soweit auf unseren Seiten personenbezogene Daten (beispielsweise Name, Anschrift oder eMail-Adressen) erhoben werden, erfolgt dies, soweit m\u00f6glich, stets auf freiwilliger Basis. Diese Daten werden ohne Ihre ausdr\u00fcckliche Zustimmung nicht an Dritte weitergegeben.<\/p>\n<p>Wir weisen darauf hin, dass die Daten\u00fcbertragung im Internet (z.B. bei der Kommunikation per E-Mail) Sicherheitsl\u00fccken aufweisen kann. Ein l\u00fcckenloser Schutz der Daten vor dem Zugriff durch Dritte ist nicht m\u00f6glich.<\/p>\n<p>Der Nutzung von im Rahmen der Impressumspflicht ver\u00f6ffentlichten Kontaktdaten durch Dritte zur \u00dcbersendung von nicht ausdr\u00fccklich angeforderter Werbung und Informationsmaterialien wird hiermit ausdr\u00fccklich widersprochen. Die Betreiber der Seiten behalten sich ausdr\u00fccklich rechtliche Schritte im Falle der unverlangten Zusendung von Werbeinformationen, etwa durch Spam-Mails, vor.<\/p>\n<p>&nbsp;<\/p>\n<p><strong>Bildnachweis<\/strong><\/p>\n<p>\u00a9 Ham-Log-Gruppe Holding GmbH[\/vc_column_text][\/vc_column][\/vc_row][vc_row css_animation=&#8220;&#8220; row_type=&#8220;row&#8220; use_row_as_full_screen_section=&#8220;no&#8220; type=&#8220;full_width&#8220; angled_section=&#8220;no&#8220; text_align=&#8220;left&#8220; background_image_as_pattern=&#8220;without_pattern&#8220; css=&#8220;.vc_custom_1652094341293{background-color: #ffffff !important;}&#8220; z_index=&#8220;&#8220;][vc_column][vc_empty_space height=&#8220;50px&#8220;][\/vc_column][\/vc_row][vc_row css_animation=&#8220;&#8220; row_type=&#8220;row&#8220; use_row_as_full_screen_section=&#8220;no&#8220; type=&#8220;full_width&#8220; angled_section=&#8220;no&#8220; text_align=&#8220;left&#8220; background_image_as_pattern=&#8220;without_pattern&#8220; css=&#8220;.vc_custom_1652094341293{background-color: #ffffff !important;}&#8220; z_index=&#8220;&#8220;][vc_column][vc_empty_space height=&#8220;50px&#8220;][\/vc_column][\/vc_row]<\/p>\n<\/div>","protected":false},"excerpt":{"rendered":"<p>[vc_row css_animation=&#8220;&#8220; row_type=&#8220;row&#8220; use_row_as_full_screen_section=&#8220;no&#8220; type=&#8220;grid&#8220; angled_section=&#8220;no&#8220; text_align=&#8220;center&#8220; background_image_as_pattern=&#8220;without_pattern&#8220; padding_top=&#8220;87&#8243; padding_bottom=&#8220;65&#8243; z_index=&#8220;&#8220; css=&#8220;.vc_custom_1651761660276{background-color: #ffffff !important;}&#8220;][vc_column width=&#8220;2\/3&#8243; offset=&#8220;vc_col-sm-offset-2&#8243;][vc_column_text] Impressum [\/vc_column_text][vc_separator type=&#8220;small&#8220; position=&#8220;center&#8220; color=&#8220;#fab012&#8243; thickness=&#8220;4&#8243; width=&#8220;48&#8243; up=&#8220;17&#8243; down=&#8220;25&#8243;][\/vc_column][\/vc_row][vc_row css_animation=&#8220;&#8220; row_type=&#8220;row&#8220; use_row_as_full_screen_section=&#8220;no&#8220; type=&#8220;grid&#8220; angled_section=&#8220;no&#8220; text_align=&#8220;left&#8220; background_image_as_pattern=&#8220;without_pattern&#8220; z_index=&#8220;&#8220; css=&#8220;.vc_custom_1652094117399{background-color: #ffffff !important;}&#8220;][vc_column][vc_empty_space height=&#8220;50px&#8220;][vc_column_text]Angaben gem\u00e4\u00df \u00a7 5 TMG: HAM-LOG-GRUPPE Holding GmbH Mittelweg&#8230;<\/p>\n","protected":false},"author":2,"featured_media":0,"parent":0,"menu_order":0,"comment_status":"closed","ping_status":"closed","template":"full_width.php","meta":{"footnotes":""},"class_list":["post-73","page","type-page","status-publish","hentry"],"yoast_head":"<!-- This site is optimized with the Yoast SEO plugin v27.1.1 - https:\/\/yoast.com\/product\/yoast-seo-wordpress\/ -->\n<title>IMPRESSUM - HAM-LOG-GRUPPE<\/title>\n<meta name=\"description\" content=\"Angaben gem\u00e4\u00df \u00a7 5 TMG:HAM-LOG-GRUPPE Holding GmbHMittelweg 110 b20149 HamburgT +49 40 444 055 60F +49 40 444 055 620\" \/>\n<meta name=\"robots\" content=\"index, follow, max-snippet:-1, max-image-preview:large, max-video-preview:-1\" \/>\n<link rel=\"canonical\" href=\"https:\/\/ham-log-gruppe.lt\/de\/impressum\/\" \/>\n<meta property=\"og:locale\" content=\"de_DE\" \/>\n<meta property=\"og:type\" content=\"article\" \/>\n<meta property=\"og:title\" content=\"IMPRESSUM - HAM-LOG-GRUPPE\" \/>\n<meta property=\"og:description\" content=\"Angaben gem\u00e4\u00df \u00a7 5 TMG:HAM-LOG-GRUPPE Holding GmbHMittelweg 110 b20149 HamburgT +49 40 444 055 60F +49 40 444 055 620\" \/>\n<meta property=\"og:url\" content=\"https:\/\/ham-log-gruppe.lt\/de\/impressum\/\" \/>\n<meta property=\"og:site_name\" content=\"HAM-LOG-GRUPPE\" \/>\n<meta property=\"article:modified_time\" content=\"2022-08-05T15:56:15+00:00\" \/>\n<meta name=\"twitter:card\" content=\"summary_large_image\" \/>\n<meta name=\"twitter:label1\" content=\"Gesch\u00e4tzte Lesezeit\" \/>\n\t<meta name=\"twitter:data1\" content=\"4\u00a0Minuten\" \/>\n<script type=\"application\/ld+json\" class=\"yoast-schema-graph\">{\"@context\":\"https:\/\/schema.org\",\"@graph\":[{\"@type\":\"WebPage\",\"@id\":\"https:\/\/ham-log-gruppe.lt\/de\/impressum\/\",\"url\":\"https:\/\/ham-log-gruppe.lt\/de\/impressum\/\",\"name\":\"IMPRESSUM - HAM-LOG-GRUPPE\",\"isPartOf\":{\"@id\":\"https:\/\/ham-log-gruppe.lt\/de\/#website\"},\"datePublished\":\"2020-03-25T01:28:41+00:00\",\"dateModified\":\"2022-08-05T15:56:15+00:00\",\"description\":\"Angaben gem\u00e4\u00df \u00a7 5 TMG:HAM-LOG-GRUPPE Holding GmbHMittelweg 110 b20149 HamburgT +49 40 444 055 60F +49 40 444 055 620\",\"breadcrumb\":{\"@id\":\"https:\/\/ham-log-gruppe.lt\/de\/impressum\/#breadcrumb\"},\"inLanguage\":\"de\",\"potentialAction\":[{\"@type\":\"ReadAction\",\"target\":[\"https:\/\/ham-log-gruppe.lt\/de\/impressum\/\"]}]},{\"@type\":\"BreadcrumbList\",\"@id\":\"https:\/\/ham-log-gruppe.lt\/de\/impressum\/#breadcrumb\",\"itemListElement\":[{\"@type\":\"ListItem\",\"position\":1,\"name\":\"Startseite\",\"item\":\"https:\/\/ham-log-gruppe.lt\/de\/\"},{\"@type\":\"ListItem\",\"position\":2,\"name\":\"IMPRESSUM\"}]},{\"@type\":\"WebSite\",\"@id\":\"https:\/\/ham-log-gruppe.lt\/de\/#website\",\"url\":\"https:\/\/ham-log-gruppe.lt\/de\/\",\"name\":\"HAM-LOG-GRUPPE\",\"description\":\"Logistik | Personaldienstleister | Werkvertr\u00e4ge | Arbeitnehmer\u00fcberlassung\",\"publisher\":{\"@id\":\"https:\/\/ham-log-gruppe.lt\/de\/#organization\"},\"potentialAction\":[{\"@type\":\"SearchAction\",\"target\":{\"@type\":\"EntryPoint\",\"urlTemplate\":\"https:\/\/ham-log-gruppe.lt\/de\/?s={search_term_string}\"},\"query-input\":{\"@type\":\"PropertyValueSpecification\",\"valueRequired\":true,\"valueName\":\"search_term_string\"}}],\"inLanguage\":\"de\"},{\"@type\":\"Organization\",\"@id\":\"https:\/\/ham-log-gruppe.lt\/de\/#organization\",\"name\":\"HAM-LOG-GRUPPE\",\"url\":\"https:\/\/ham-log-gruppe.lt\/de\/\",\"logo\":{\"@type\":\"ImageObject\",\"inLanguage\":\"de\",\"@id\":\"https:\/\/ham-log-gruppe.lt\/de\/#\/schema\/logo\/image\/\",\"url\":\"https:\/\/ham-log-gruppe.lt\/wp-content\/uploads\/2022\/05\/Ham-Log-Gruppe-logo-web-personalvermittlung.png\",\"contentUrl\":\"https:\/\/ham-log-gruppe.lt\/wp-content\/uploads\/2022\/05\/Ham-Log-Gruppe-logo-web-personalvermittlung.png\",\"width\":400,\"height\":180,\"caption\":\"HAM-LOG-GRUPPE\"},\"image\":{\"@id\":\"https:\/\/ham-log-gruppe.lt\/de\/#\/schema\/logo\/image\/\"}}]}<\/script>\n<!-- \/ Yoast SEO plugin. -->","yoast_head_json":{"title":"IMPRESSUM - HAM-LOG-GRUPPE","description":"Angaben gem\u00e4\u00df \u00a7 5 TMG:HAM-LOG-GRUPPE Holding GmbHMittelweg 110 b20149 HamburgT +49 40 444 055 60F +49 40 444 055 620","robots":{"index":"index","follow":"follow","max-snippet":"max-snippet:-1","max-image-preview":"max-image-preview:large","max-video-preview":"max-video-preview:-1"},"canonical":"https:\/\/ham-log-gruppe.lt\/de\/impressum\/","og_locale":"de_DE","og_type":"article","og_title":"IMPRESSUM - HAM-LOG-GRUPPE","og_description":"Angaben gem\u00e4\u00df \u00a7 5 TMG:HAM-LOG-GRUPPE Holding GmbHMittelweg 110 b20149 HamburgT +49 40 444 055 60F +49 40 444 055 620","og_url":"https:\/\/ham-log-gruppe.lt\/de\/impressum\/","og_site_name":"HAM-LOG-GRUPPE","article_modified_time":"2022-08-05T15:56:15+00:00","twitter_card":"summary_large_image","twitter_misc":{"Gesch\u00e4tzte Lesezeit":"4\u00a0Minuten"},"schema":{"@context":"https:\/\/schema.org","@graph":[{"@type":"WebPage","@id":"https:\/\/ham-log-gruppe.lt\/de\/impressum\/","url":"https:\/\/ham-log-gruppe.lt\/de\/impressum\/","name":"IMPRESSUM - HAM-LOG-GRUPPE","isPartOf":{"@id":"https:\/\/ham-log-gruppe.lt\/de\/#website"},"datePublished":"2020-03-25T01:28:41+00:00","dateModified":"2022-08-05T15:56:15+00:00","description":"Angaben gem\u00e4\u00df \u00a7 5 TMG:HAM-LOG-GRUPPE Holding GmbHMittelweg 110 b20149 HamburgT +49 40 444 055 60F +49 40 444 055 620","breadcrumb":{"@id":"https:\/\/ham-log-gruppe.lt\/de\/impressum\/#breadcrumb"},"inLanguage":"de","potentialAction":[{"@type":"ReadAction","target":["https:\/\/ham-log-gruppe.lt\/de\/impressum\/"]}]},{"@type":"BreadcrumbList","@id":"https:\/\/ham-log-gruppe.lt\/de\/impressum\/#breadcrumb","itemListElement":[{"@type":"ListItem","position":1,"name":"Startseite","item":"https:\/\/ham-log-gruppe.lt\/de\/"},{"@type":"ListItem","position":2,"name":"IMPRESSUM"}]},{"@type":"WebSite","@id":"https:\/\/ham-log-gruppe.lt\/de\/#website","url":"https:\/\/ham-log-gruppe.lt\/de\/","name":"HAM-LOG-GRUPPE","description":"Logistik | Personaldienstleister | Werkvertr\u00e4ge | Arbeitnehmer\u00fcberlassung","publisher":{"@id":"https:\/\/ham-log-gruppe.lt\/de\/#organization"},"potentialAction":[{"@type":"SearchAction","target":{"@type":"EntryPoint","urlTemplate":"https:\/\/ham-log-gruppe.lt\/de\/?s={search_term_string}"},"query-input":{"@type":"PropertyValueSpecification","valueRequired":true,"valueName":"search_term_string"}}],"inLanguage":"de"},{"@type":"Organization","@id":"https:\/\/ham-log-gruppe.lt\/de\/#organization","name":"HAM-LOG-GRUPPE","url":"https:\/\/ham-log-gruppe.lt\/de\/","logo":{"@type":"ImageObject","inLanguage":"de","@id":"https:\/\/ham-log-gruppe.lt\/de\/#\/schema\/logo\/image\/","url":"https:\/\/ham-log-gruppe.lt\/wp-content\/uploads\/2022\/05\/Ham-Log-Gruppe-logo-web-personalvermittlung.png","contentUrl":"https:\/\/ham-log-gruppe.lt\/wp-content\/uploads\/2022\/05\/Ham-Log-Gruppe-logo-web-personalvermittlung.png","width":400,"height":180,"caption":"HAM-LOG-GRUPPE"},"image":{"@id":"https:\/\/ham-log-gruppe.lt\/de\/#\/schema\/logo\/image\/"}}]}},"_links":{"self":[{"href":"https:\/\/ham-log-gruppe.lt\/de\/wp-json\/wp\/v2\/pages\/73","targetHints":{"allow":["GET"]}}],"collection":[{"href":"https:\/\/ham-log-gruppe.lt\/de\/wp-json\/wp\/v2\/pages"}],"about":[{"href":"https:\/\/ham-log-gruppe.lt\/de\/wp-json\/wp\/v2\/types\/page"}],"author":[{"embeddable":true,"href":"https:\/\/ham-log-gruppe.lt\/de\/wp-json\/wp\/v2\/users\/2"}],"replies":[{"embeddable":true,"href":"https:\/\/ham-log-gruppe.lt\/de\/wp-json\/wp\/v2\/comments?post=73"}],"version-history":[{"count":0,"href":"https:\/\/ham-log-gruppe.lt\/de\/wp-json\/wp\/v2\/pages\/73\/revisions"}],"wp:attachment":[{"href":"https:\/\/ham-log-gruppe.lt\/de\/wp-json\/wp\/v2\/media?parent=73"}],"curies":[{"name":"wp","href":"https:\/\/api.w.org\/{rel}","templated":true}]}}